{"id":22,"date":"2026-04-25T21:40:12","date_gmt":"2026-04-25T21:40:12","guid":{"rendered":"https:\/\/portfolio4.mojapierwszadomena.pl\/?page_id=22"},"modified":"2026-04-26T11:12:34","modified_gmt":"2026-04-26T11:12:34","slug":"sekcja-strony-glownej","status":"publish","type":"page","link":"https:\/\/portfolio4.mojapierwszadomena.pl\/","title":{"rendered":"HydroFix24"},"content":{"rendered":"\n<p>HydroFix 24 to szybka i niezawodna pomoc hydrauliczna dost\u0119pna przez ca\u0142\u0105 dob\u0119. W nag\u0142ych awariach reagujemy natychmiast, usuwaj\u0105c usterki i przywracaj\u0105c sprawno\u015b\u0107 instalacji wodno-kanalizacyjnych oraz grzewczych. Dzia\u0142amy sprawnie, skutecznie i zawsze wtedy, gdy nas potrzebujesz.<\/p>\n","protected":false},"excerpt":{"rendered":"<p>HydroFix 24 to szybka i niezawodna pomoc hydrauliczna dost\u0119pna przez ca\u0142\u0105 dob\u0119. W nag\u0142ych awariach reagujemy natychmiast, usuwaj\u0105c usterki i przywracaj\u0105c sprawno\u015b\u0107 instalacji wodno-kanalizacyjnych oraz grzewczych. Dzia\u0142amy sprawnie, skutecznie i zawsze wtedy, gdy nas potrzebujesz.<\/p>\n","protected":false},"author":1,"featured_media":69,"parent":0,"menu_order":0,"comment_status":"closed","ping_status":"closed","template":"","meta":{"footnotes":""},"class_list":["post-22","page","type-page","status-publish","has-post-thumbnail","hentry"],"_links":{"self":[{"href":"https:\/\/portfolio4.mojapierwszadomena.pl\/index.php?rest_route=\/wp\/v2\/pages\/22","targetHints":{"allow":["GET"]}}],"collection":[{"href":"https:\/\/portfolio4.mojapierwszadomena.pl\/index.php?rest_route=\/wp\/v2\/pages"}],"about":[{"href":"https:\/\/portfolio4.mojapierwszadomena.pl\/index.php?rest_route=\/wp\/v2\/types\/page"}],"author":[{"embeddable":true,"href":"https:\/\/portfolio4.mojapierwszadomena.pl\/index.php?rest_route=\/wp\/v2\/users\/1"}],"replies":[{"embeddable":true,"href":"https:\/\/portfolio4.mojapierwszadomena.pl\/index.php?rest_route=%2Fwp%2Fv2%2Fcomments&post=22"}],"version-history":[{"count":3,"href":"https:\/\/portfolio4.mojapierwszadomena.pl\/index.php?rest_route=\/wp\/v2\/pages\/22\/revisions"}],"predecessor-version":[{"id":57,"href":"https:\/\/portfolio4.mojapierwszadomena.pl\/index.php?rest_route=\/wp\/v2\/pages\/22\/revisions\/57"}],"wp:featuredmedia":[{"embeddable":true,"href":"https:\/\/portfolio4.mojapierwszadomena.pl\/index.php?rest_route=\/wp\/v2\/media\/69"}],"wp:attachment":[{"href":"https:\/\/portfolio4.mojapierwszadomena.pl\/index.php?rest_route=%2Fwp%2Fv2%2Fmedia&parent=22"}],"curies":[{"name":"wp","href":"https:\/\/api.w.org\/{rel}","templated":true}]}}