{"id":19,"date":"2026-04-25T21:40:12","date_gmt":"2026-04-25T21:40:12","guid":{"rendered":"https:\/\/portfolio4.mojapierwszadomena.pl\/?page_id=19"},"modified":"2026-04-26T11:01:28","modified_gmt":"2026-04-26T11:01:28","slug":"informacje","status":"publish","type":"page","link":"https:\/\/portfolio4.mojapierwszadomena.pl\/?page_id=19","title":{"rendered":"Informacje"},"content":{"rendered":"\n<p><strong>HydroFix 24<\/strong> to firma zbudowana na pasji i wieloletnim do\u015bwiadczeniu w\u0142a\u015bciciela, kt\u00f3ry od lat zwi\u0105zany jest z bran\u017c\u0105 hydrauliczn\u0105. Swoj\u0105 dzia\u0142alno\u015b\u0107 rozpocz\u0105\u0142 jako fachowiec pracuj\u0105cy \u201ew terenie\u201d, zdobywaj\u0105c wiedz\u0119 i zaufanie klient\u00f3w dzi\u0119ki solidno\u015bci oraz zaanga\u017cowaniu. Dzi\u015b HydroFix 24 to sprawdzony zesp\u00f3\u0142 specjalist\u00f3w, kt\u00f3ry kontynuuje te same warto\u015bci \u2013 rzetelno\u015b\u0107, szybko\u015b\u0107 dzia\u0142ania i najwy\u017csz\u0105 jako\u015b\u0107 us\u0142ug.<\/p>\n","protected":false},"excerpt":{"rendered":"<p>HydroFix 24 to firma zbudowana na pasji i wieloletnim do\u015bwiadczeniu w\u0142a\u015bciciela, kt\u00f3ry od lat zwi\u0105zany jest z bran\u017c\u0105 hydrauliczn\u0105. Swoj\u0105 dzia\u0142alno\u015b\u0107 rozpocz\u0105\u0142 jako fachowiec pracuj\u0105cy \u201ew terenie\u201d, zdobywaj\u0105c wiedz\u0119 i zaufanie klient\u00f3w dzi\u0119ki solidno\u015bci oraz zaanga\u017cowaniu. Dzi\u015b HydroFix 24 to sprawdzony zesp\u00f3\u0142 specjalist\u00f3w, kt\u00f3ry kontynuuje te same warto\u015bci \u2013 rzetelno\u015b\u0107, szybko\u015b\u0107 dzia\u0142ania i najwy\u017csz\u0105 jako\u015b\u0107 &hellip; <\/p>\n<p class=\"link-more\"><a href=\"https:\/\/portfolio4.mojapierwszadomena.pl\/?page_id=19\" class=\"more-link\">Czytaj dalej<span class=\"screen-reader-text\"> \u201eInformacje\u201d<\/span><\/a><\/p>\n","protected":false},"author":1,"featured_media":69,"parent":0,"menu_order":0,"comment_status":"closed","ping_status":"closed","template":"","meta":{"footnotes":""},"class_list":["post-19","page","type-page","status-publish","has-post-thumbnail","hentry"],"_links":{"self":[{"href":"https:\/\/portfolio4.mojapierwszadomena.pl\/index.php?rest_route=\/wp\/v2\/pages\/19","targetHints":{"allow":["GET"]}}],"collection":[{"href":"https:\/\/portfolio4.mojapierwszadomena.pl\/index.php?rest_route=\/wp\/v2\/pages"}],"about":[{"href":"https:\/\/portfolio4.mojapierwszadomena.pl\/index.php?rest_route=\/wp\/v2\/types\/page"}],"author":[{"embeddable":true,"href":"https:\/\/portfolio4.mojapierwszadomena.pl\/index.php?rest_route=\/wp\/v2\/users\/1"}],"replies":[{"embeddable":true,"href":"https:\/\/portfolio4.mojapierwszadomena.pl\/index.php?rest_route=%2Fwp%2Fv2%2Fcomments&post=19"}],"version-history":[{"count":2,"href":"https:\/\/portfolio4.mojapierwszadomena.pl\/index.php?rest_route=\/wp\/v2\/pages\/19\/revisions"}],"predecessor-version":[{"id":50,"href":"https:\/\/portfolio4.mojapierwszadomena.pl\/index.php?rest_route=\/wp\/v2\/pages\/19\/revisions\/50"}],"wp:featuredmedia":[{"embeddable":true,"href":"https:\/\/portfolio4.mojapierwszadomena.pl\/index.php?rest_route=\/wp\/v2\/media\/69"}],"wp:attachment":[{"href":"https:\/\/portfolio4.mojapierwszadomena.pl\/index.php?rest_route=%2Fwp%2Fv2%2Fmedia&parent=19"}],"curies":[{"name":"wp","href":"https:\/\/api.w.org\/{rel}","templated":true}]}}